{"id":127,"date":"2023-01-01T15:20:28","date_gmt":"2023-01-01T15:20:28","guid":{"rendered":"https:\/\/thomas-ruhl.com\/?page_id=127"},"modified":"2023-01-04T14:45:28","modified_gmt":"2023-01-04T14:45:28","slug":"history","status":"publish","type":"page","link":"https:\/\/thomas-ruhl.com\/de\/about-me\/history\/","title":{"rendered":"Geschichte"},"content":{"rendered":"<p>Meinen ersten Computer bekam ich mit 8 Jahren, den ich mir von meinen Eltern erbettelt habe. K\u00e4mpfte gegen deren Argumente, dass ich noch zu jung daf\u00fcr sei. Aber ich setzte mich schon damals durch und begann somit sehr fr\u00fch in meiner Kindheit mich mit dem Thema Elektronik\/Computer auseinanderzusetzen. \u00a0<\/p>\n\n\n\n<p>Da mein Papa auch ein Programmierer ist, unterst\u00fctzte er mich ab da intensiv und f\u00f6rderte mich.<\/p>\n\n\n\n<p>Meine erste Programmierung \u00fcbte ich am Arduino.<\/p>\n\n\n\n<p>Sp\u00e4ter faszinierte mich die BOT-Programmierung f\u00fcr Discord.\nNach anf\u00e4nglichen Versuchen mit DBS (Discord Bot Studio), stellte ich schnell fest, dass mir die Software nicht die ausreichende Freiheit f\u00fcr meine W\u00fcnsche bot. Ich war eingeschr\u00e4nkt in meiner Kreativit\u00e4t. So erlernte ich JavaScript. Mein Vater, der inzwischen sich zum Mentor berufen f\u00fchlte, f\u00fchrte mich in die Konzepte der Programmierung ein und unterst\u00fctzte mich beim Lernen.<\/p>\n\n\n\n<p>JavaScript ist bis heute meine Lieblingsprogrammiersprache geblieben.<\/p>\n\n\n\n<p>Auch die Spieleprogrammierung begeistert mich.<\/p>\n\n\n\n<p>Zu meiner sozialen St\u00e4rke geh\u00f6rt es auch dazu Gleichgesinnte im Netz zu \u201eriechen\u201c, die zu meinen besten Kumpels zu machen und sich mit denen zum Thema auszutauschen und zu gemeinsamen Projekten zu einem Team zu motivieren. Unsere gemeinsamen Projekte laufen seit fast drei Jahren und sind:<\/p>\n\n\n\n<p>Mods und Plugins f\u00fcr Minecraft, \u201eChaos Challenge\u201c und \u201eJust enough TNT\u201c, nur um einige zu nennen, in Java geschrieben.<\/p>\n\n\n\n<p>Von mir entwickelten Spiele: \u201eTruth or Dare\u201c f\u00fcr Android in Java und \u201eFartings Cats\u201c in Unity und C# entwickelt.<\/p>\n\n\n\n<p>Stolz bin ich auf meinen eigenen echten Server auf Unraid, der auf meiner alten Hardware l\u00e4uft. Darauf ist eine Ubuntu VM, auf der Pterodactyl installiert ist, so dass ich meine Projekte selber hosten kann. Ich besitze auch einige Skills in Linux.<\/p>\n\n\n\n<p>Einen Raspberry Pi kann ich auch mein Eigen nennen.<br><br>Zurzeit arbeite ich an einem intelligenten Rasenm\u00e4herroboter auf einem ausgeschlachteten Chassis. Mittlerweile kann der schon durch mein Programm ferngesteuert werden, hat aber noch keine Sensoren.<\/p>\n\n\n\n<p>Ich f\u00fchle mich aktuell mit meinen 17 Jahren sehr wohl in meinem Tun und bin stolz auf meine erreichten Fertigkeiten. Meine Mission scheint gefunden.<\/p>","protected":false},"excerpt":{"rendered":"<p>For my first computer I was begging my parents at the age of 8. After [&hellip;]<\/p>\n","protected":false},"author":2,"featured_media":0,"parent":434,"menu_order":-1,"comment_status":"closed","ping_status":"closed","template":"","meta":{"advanced_seo_description":"","jetpack_seo_html_title":"","jetpack_seo_noindex":false,"footnotes":""},"class_list":["post-127","page","type-page","status-publish","hentry"],"jetpack_sharing_enabled":true,"_links":{"self":[{"href":"https:\/\/thomas-ruhl.com\/de\/wp-json\/wp\/v2\/pages\/127","targetHints":{"allow":["GET"]}}],"collection":[{"href":"https:\/\/thomas-ruhl.com\/de\/wp-json\/wp\/v2\/pages"}],"about":[{"href":"https:\/\/thomas-ruhl.com\/de\/wp-json\/wp\/v2\/types\/page"}],"author":[{"embeddable":true,"href":"https:\/\/thomas-ruhl.com\/de\/wp-json\/wp\/v2\/users\/2"}],"replies":[{"embeddable":true,"href":"https:\/\/thomas-ruhl.com\/de\/wp-json\/wp\/v2\/comments?post=127"}],"version-history":[{"count":6,"href":"https:\/\/thomas-ruhl.com\/de\/wp-json\/wp\/v2\/pages\/127\/revisions"}],"predecessor-version":[{"id":433,"href":"https:\/\/thomas-ruhl.com\/de\/wp-json\/wp\/v2\/pages\/127\/revisions\/433"}],"up":[{"embeddable":true,"href":"https:\/\/thomas-ruhl.com\/de\/wp-json\/wp\/v2\/pages\/434"}],"wp:attachment":[{"href":"https:\/\/thomas-ruhl.com\/de\/wp-json\/wp\/v2\/media?parent=127"}],"curies":[{"name":"wp","href":"https:\/\/api.w.org\/{rel}","templated":true}]}}