{"id":23,"date":"2022-12-22T07:48:08","date_gmt":"2022-12-22T07:48:08","guid":{"rendered":"https:\/\/thomas-ruhl.com\/?page_id=23"},"modified":"2023-01-06T09:13:13","modified_gmt":"2023-01-06T09:13:13","slug":"farting-cats","status":"publish","type":"page","link":"https:\/\/thomas-ruhl.com\/de\/projects\/farting-cats\/","title":{"rendered":"Farting Cats"},"content":{"rendered":"<div style=\"height:20px\" aria-hidden=\"true\" class=\"wp-block-spacer\"><\/div>\n\n\n\n<h2 class=\"wp-block-heading\">Projektbeschreibung:<\/h2>\n\n\n\n<p>Ein lustiges Furzspiel f\u00fcr Jung und Alt, das Lacher garantiert. Katzen, die durchs Haus rennen, furzen und Chaos anrichten. Wer wird Sieger beim Furzen? Tippe auf die Katze und furze so laut du kannst. Ist dein Furz der st\u00e4rkste? Riecht er am sch\u00f6nsten?\n\nEine unvergessliche Unterhaltung f\u00fcr die Kinder.<\/p>\n\n\n\n<hr class=\"wp-block-separator has-alpha-channel-opacity\"\/>\n\n\n\n<h2 class=\"wp-block-heading\">Zusammenfassung:<\/h2>\n\n\n\n<ul class=\"wp-block-list\">\n<li>Link zu der App: <a rel=\"noreferrer noopener\" href=\"https:\/\/play.google.com\/store\/apps\/details?id=com.thorapps.fartingcats&amp;pli=1\" target=\"_blank\">https:\/\/play.google.com\/store\/apps\/details?id=com.thorapps.fartingcats&amp;pli=1<\/a><\/li>\n\n\n\n<li>Link Github: Privat <\/li>\n\n\n\n<li>Plattform: Android <\/li>\n\n\n\n<li>Language: C# on Unity<\/li>\n<\/ul>\n\n\n\n<hr class=\"wp-block-separator has-alpha-channel-opacity\"\/>\n\n\n\n<h2 class=\"wp-block-heading\">Mein Beitrag:<\/h2>\n\n\n\n<ul class=\"wp-block-list\">\n<li>Spawn (Erzeugung) und Bewegungslogik <\/li>\n\n\n\n<li>Spawnsize (Erscheinungsgr\u00f6\u00dfe) <\/li>\n\n\n\n<li>Sounddiversit\u00e4t abh\u00e4ngig von der Erscheinungsgr\u00f6\u00dfe<\/li>\n<\/ul>\n\n\n\n<hr class=\"wp-block-separator has-alpha-channel-opacity\"\/>\n\n\n\n<h2 class=\"wp-block-heading\">Screenshots:<\/h2>\n\n\n\n<figure class=\"wp-block-image size-full\"><img loading=\"lazy\" decoding=\"async\" width=\"1024\" height=\"500\" data-attachment-id=\"28\" data-permalink=\"https:\/\/thomas-ruhl.com\/de\/projects\/farting-cats\/banner_2_1024x500\/\" data-orig-file=\"https:\/\/thomas-ruhl.com\/wp-content\/uploads\/2022\/12\/Banner_2_1024x500.png\" data-orig-size=\"1024,500\" data-comments-opened=\"0\" data-image-meta=\"{&quot;aperture&quot;:&quot;0&quot;,&quot;credit&quot;:&quot;&quot;,&quot;camera&quot;:&quot;&quot;,&quot;caption&quot;:&quot;&quot;,&quot;created_timestamp&quot;:&quot;0&quot;,&quot;copyright&quot;:&quot;&quot;,&quot;focal_length&quot;:&quot;0&quot;,&quot;iso&quot;:&quot;0&quot;,&quot;shutter_speed&quot;:&quot;0&quot;,&quot;title&quot;:&quot;&quot;,&quot;orientation&quot;:&quot;0&quot;}\" data-image-title=\"Banner_2_1024x500\" data-image-description=\"&lt;p&gt;Farting Cats Google Play Banner&lt;\/p&gt;\" data-image-caption=\"&lt;p&gt;Farting Cats Google Play Banner&lt;\/p&gt;\" data-medium-file=\"https:\/\/thomas-ruhl.com\/wp-content\/uploads\/2022\/12\/Banner_2_1024x500-300x146.png\" data-large-file=\"https:\/\/thomas-ruhl.com\/wp-content\/uploads\/2022\/12\/Banner_2_1024x500.png\" src=\"https:\/\/thomas-ruhl.com\/wp-content\/uploads\/2022\/12\/Banner_2_1024x500.png\" alt=\"Farting Cats Google Play Banner\" class=\"wp-image-28\" srcset=\"https:\/\/thomas-ruhl.com\/wp-content\/uploads\/2022\/12\/Banner_2_1024x500.png 1024w, https:\/\/thomas-ruhl.com\/wp-content\/uploads\/2022\/12\/Banner_2_1024x500-300x146.png 300w, https:\/\/thomas-ruhl.com\/wp-content\/uploads\/2022\/12\/Banner_2_1024x500-768x375.png 768w, https:\/\/thomas-ruhl.com\/wp-content\/uploads\/2022\/12\/Banner_2_1024x500-18x9.png 18w\" sizes=\"auto, (max-width: 1024px) 100vw, 1024px\" \/><figcaption class=\"wp-element-caption\">Farting Cats Google Play Banner<\/figcaption><\/figure>\n\n\n\n<figure class=\"wp-block-image size-large\"><img loading=\"lazy\" decoding=\"async\" width=\"1024\" height=\"498\" data-attachment-id=\"29\" data-permalink=\"https:\/\/thomas-ruhl.com\/de\/projects\/farting-cats\/screenshot_20221204-140509_farting-cats\/\" data-orig-file=\"https:\/\/thomas-ruhl.com\/wp-content\/uploads\/2022\/12\/Screenshot_20221204-140509_Farting-Cats.jpg\" data-orig-size=\"2220,1080\" data-comments-opened=\"0\" data-image-meta=\"{&quot;aperture&quot;:&quot;0&quot;,&quot;credit&quot;:&quot;&quot;,&quot;camera&quot;:&quot;&quot;,&quot;caption&quot;:&quot;&quot;,&quot;created_timestamp&quot;:&quot;0&quot;,&quot;copyright&quot;:&quot;&quot;,&quot;focal_length&quot;:&quot;0&quot;,&quot;iso&quot;:&quot;0&quot;,&quot;shutter_speed&quot;:&quot;0&quot;,&quot;title&quot;:&quot;&quot;,&quot;orientation&quot;:&quot;0&quot;}\" data-image-title=\"Screenshot_20221204-140509_Farting Cats\" data-image-description=\"&lt;p&gt;Screenshot Farting Cats&lt;\/p&gt;\" data-image-caption=\"&lt;p&gt;Screenshot Farting Cats&lt;\/p&gt;\" data-medium-file=\"https:\/\/thomas-ruhl.com\/wp-content\/uploads\/2022\/12\/Screenshot_20221204-140509_Farting-Cats-300x146.jpg\" data-large-file=\"https:\/\/thomas-ruhl.com\/wp-content\/uploads\/2022\/12\/Screenshot_20221204-140509_Farting-Cats-1024x498.jpg\" src=\"https:\/\/thomas-ruhl.com\/wp-content\/uploads\/2022\/12\/Screenshot_20221204-140509_Farting-Cats-1024x498.jpg\" alt=\"Screenshot Farting Cats\" class=\"wp-image-29\" srcset=\"https:\/\/thomas-ruhl.com\/wp-content\/uploads\/2022\/12\/Screenshot_20221204-140509_Farting-Cats-1024x498.jpg 1024w, https:\/\/thomas-ruhl.com\/wp-content\/uploads\/2022\/12\/Screenshot_20221204-140509_Farting-Cats-300x146.jpg 300w, https:\/\/thomas-ruhl.com\/wp-content\/uploads\/2022\/12\/Screenshot_20221204-140509_Farting-Cats-768x374.jpg 768w, https:\/\/thomas-ruhl.com\/wp-content\/uploads\/2022\/12\/Screenshot_20221204-140509_Farting-Cats-1536x747.jpg 1536w, https:\/\/thomas-ruhl.com\/wp-content\/uploads\/2022\/12\/Screenshot_20221204-140509_Farting-Cats-2048x996.jpg 2048w, https:\/\/thomas-ruhl.com\/wp-content\/uploads\/2022\/12\/Screenshot_20221204-140509_Farting-Cats-18x9.jpg 18w\" sizes=\"auto, (max-width: 1024px) 100vw, 1024px\" \/><figcaption class=\"wp-element-caption\">Screenshot Farting Cats<\/figcaption><\/figure>","protected":false},"excerpt":{"rendered":"<p>Project Description: Farting Cats &#8211; Tap on the cat and fart as loud as you [&hellip;]<\/p>\n","protected":false},"author":2,"featured_media":28,"parent":2,"menu_order":30,"comment_status":"closed","ping_status":"closed","template":"","meta":{"advanced_seo_description":"","jetpack_seo_html_title":"","jetpack_seo_noindex":false,"footnotes":""},"class_list":["post-23","page","type-page","status-publish","has-post-thumbnail","hentry"],"jetpack_sharing_enabled":true,"_links":{"self":[{"href":"https:\/\/thomas-ruhl.com\/de\/wp-json\/wp\/v2\/pages\/23","targetHints":{"allow":["GET"]}}],"collection":[{"href":"https:\/\/thomas-ruhl.com\/de\/wp-json\/wp\/v2\/pages"}],"about":[{"href":"https:\/\/thomas-ruhl.com\/de\/wp-json\/wp\/v2\/types\/page"}],"author":[{"embeddable":true,"href":"https:\/\/thomas-ruhl.com\/de\/wp-json\/wp\/v2\/users\/2"}],"replies":[{"embeddable":true,"href":"https:\/\/thomas-ruhl.com\/de\/wp-json\/wp\/v2\/comments?post=23"}],"version-history":[{"count":10,"href":"https:\/\/thomas-ruhl.com\/de\/wp-json\/wp\/v2\/pages\/23\/revisions"}],"predecessor-version":[{"id":492,"href":"https:\/\/thomas-ruhl.com\/de\/wp-json\/wp\/v2\/pages\/23\/revisions\/492"}],"up":[{"embeddable":true,"href":"https:\/\/thomas-ruhl.com\/de\/wp-json\/wp\/v2\/pages\/2"}],"wp:featuredmedia":[{"embeddable":true,"href":"https:\/\/thomas-ruhl.com\/de\/wp-json\/wp\/v2\/media\/28"}],"wp:attachment":[{"href":"https:\/\/thomas-ruhl.com\/de\/wp-json\/wp\/v2\/media?parent=23"}],"curies":[{"name":"wp","href":"https:\/\/api.w.org\/{rel}","templated":true}]}}