{"id":50,"date":"2022-12-22T15:09:30","date_gmt":"2022-12-22T15:09:30","guid":{"rendered":"https:\/\/thomas-ruhl.com\/?page_id=50"},"modified":"2023-01-06T08:58:29","modified_gmt":"2023-01-06T08:58:29","slug":"rcp","status":"publish","type":"page","link":"https:\/\/thomas-ruhl.com\/de\/projects\/rcp\/","title":{"rendered":"Random Cat Pics"},"content":{"rendered":"<div style=\"height:20px\" aria-hidden=\"true\" class=\"wp-block-spacer\"><\/div>\n\n\n\n<h2 class=\"wp-block-heading\">Projektbeschreibung:<\/h2>\n\n\n\n<p>Es ist ein lustiger Discord-Bot mit dem Hauptzweck, zuf\u00e4llige Bilder von Katzen zu erhalten.<br>Sie k\u00f6nnen auch nur nach bestimmten Katzen filtern, oder andere Tools verwenden, z. B. einen Taschenrechner. Dar\u00fcber hinaus k\u00f6nnen Spiele gespielt werden wie z. B.: Snake.<\/p>\n\n\n\n<hr class=\"wp-block-separator has-alpha-channel-opacity\"\/>\n\n\n\n<h2 class=\"wp-block-heading\">Zusammenfassung:<\/h2>\n\n\n\n<ul class=\"wp-block-list\">\n<li><a rel=\"noreferrer noopener\" href=\"https:\/\/top.gg\/bot\/776898495587418134\" target=\"_blank\">Top.gg page<\/a><\/li>\n\n\n\n<li>Installiert auf \u00fcber 700 Servern.<\/li>\n\n\n\n<li>Programmiersprache: NodeJS<\/li>\n<\/ul>\n\n\n\n<hr class=\"wp-block-separator has-alpha-channel-opacity\"\/>\n\n\n\n<h2 class=\"wp-block-heading\">Screenshots:<\/h2>\n\n\n\n<figure class=\"wp-block-image aligncenter size-full\"><img loading=\"lazy\" decoding=\"async\" width=\"336\" height=\"614\" data-attachment-id=\"52\" data-permalink=\"https:\/\/thomas-ruhl.com\/de\/projects\/rcp\/screenshot_1\/\" data-orig-file=\"https:\/\/thomas-ruhl.com\/wp-content\/uploads\/2022\/12\/Screenshot_1.png\" data-orig-size=\"336,614\" data-comments-opened=\"0\" data-image-meta=\"{&quot;aperture&quot;:&quot;0&quot;,&quot;credit&quot;:&quot;&quot;,&quot;camera&quot;:&quot;&quot;,&quot;caption&quot;:&quot;&quot;,&quot;created_timestamp&quot;:&quot;0&quot;,&quot;copyright&quot;:&quot;&quot;,&quot;focal_length&quot;:&quot;0&quot;,&quot;iso&quot;:&quot;0&quot;,&quot;shutter_speed&quot;:&quot;0&quot;,&quot;title&quot;:&quot;&quot;,&quot;orientation&quot;:&quot;0&quot;}\" data-image-title=\"Thomas-Ruhl.com &amp;#8211; Random Cat Pics (bot for Discord) Part5\" data-image-description=\"&lt;p&gt;Thomas-Ruhl.com &amp;#8211; Random Cat Pics (bot for Discord) Part5&lt;\/p&gt;\" data-image-caption=\"&lt;p&gt;Thomas-Ruhl.com &amp;#8211; Random Cat Pics (bot for Discord) Part5&lt;\/p&gt;\" data-large-file=\"https:\/\/thomas-ruhl.com\/wp-content\/uploads\/2022\/12\/Screenshot_1.png\" src=\"https:\/\/thomas-ruhl.com\/wp-content\/uploads\/2022\/12\/Screenshot_1.png\" alt=\"\" class=\"wp-image-52\" srcset=\"https:\/\/thomas-ruhl.com\/wp-content\/uploads\/2022\/12\/Screenshot_1.png 336w, https:\/\/thomas-ruhl.com\/wp-content\/uploads\/2022\/12\/Screenshot_1-164x300.png 164w, https:\/\/thomas-ruhl.com\/wp-content\/uploads\/2022\/12\/Screenshot_1-7x12.png 7w\" sizes=\"auto, (max-width: 336px) 100vw, 336px\" \/><figcaption class=\"wp-element-caption\">im Profil<\/figcaption><\/figure>\n\n\n\n<figure class=\"wp-block-image aligncenter size-full\"><img loading=\"lazy\" decoding=\"async\" width=\"550\" height=\"485\" data-attachment-id=\"53\" data-permalink=\"https:\/\/thomas-ruhl.com\/de\/projects\/rcp\/screenshot_2\/\" data-orig-file=\"https:\/\/thomas-ruhl.com\/wp-content\/uploads\/2022\/12\/Screenshot_2.png\" data-orig-size=\"550,485\" data-comments-opened=\"0\" data-image-meta=\"{&quot;aperture&quot;:&quot;0&quot;,&quot;credit&quot;:&quot;&quot;,&quot;camera&quot;:&quot;&quot;,&quot;caption&quot;:&quot;&quot;,&quot;created_timestamp&quot;:&quot;0&quot;,&quot;copyright&quot;:&quot;&quot;,&quot;focal_length&quot;:&quot;0&quot;,&quot;iso&quot;:&quot;0&quot;,&quot;shutter_speed&quot;:&quot;0&quot;,&quot;title&quot;:&quot;&quot;,&quot;orientation&quot;:&quot;0&quot;}\" data-image-title=\"Thomas-Ruhl.com &amp;#8211; Random Cat Pics (bot for Discord) Part4\" data-image-description=\"&lt;p&gt;Thomas-Ruhl.com &amp;#8211; Random Cat Pics (bot for Discord) Part4&lt;\/p&gt;\" data-image-caption=\"&lt;p&gt;Thomas-Ruhl.com &amp;#8211; Random Cat Pics (bot for Discord) Part4&lt;\/p&gt;\" data-large-file=\"https:\/\/thomas-ruhl.com\/wp-content\/uploads\/2022\/12\/Screenshot_2.png\" src=\"https:\/\/thomas-ruhl.com\/wp-content\/uploads\/2022\/12\/Screenshot_2.png\" alt=\"\" class=\"wp-image-53\" srcset=\"https:\/\/thomas-ruhl.com\/wp-content\/uploads\/2022\/12\/Screenshot_2.png 550w, https:\/\/thomas-ruhl.com\/wp-content\/uploads\/2022\/12\/Screenshot_2-300x265.png 300w, https:\/\/thomas-ruhl.com\/wp-content\/uploads\/2022\/12\/Screenshot_2-14x12.png 14w\" sizes=\"auto, (max-width: 550px) 100vw, 550px\" \/><figcaption class=\"wp-element-caption\">Example cat command<\/figcaption><\/figure>\n\n\n\n<figure class=\"wp-block-image aligncenter size-full\"><img loading=\"lazy\" decoding=\"async\" width=\"684\" height=\"855\" data-attachment-id=\"54\" data-permalink=\"https:\/\/thomas-ruhl.com\/de\/projects\/rcp\/screenshot_3\/\" data-orig-file=\"https:\/\/thomas-ruhl.com\/wp-content\/uploads\/2022\/12\/Screenshot_3.png\" data-orig-size=\"684,855\" data-comments-opened=\"0\" data-image-meta=\"{&quot;aperture&quot;:&quot;0&quot;,&quot;credit&quot;:&quot;&quot;,&quot;camera&quot;:&quot;&quot;,&quot;caption&quot;:&quot;&quot;,&quot;created_timestamp&quot;:&quot;0&quot;,&quot;copyright&quot;:&quot;&quot;,&quot;focal_length&quot;:&quot;0&quot;,&quot;iso&quot;:&quot;0&quot;,&quot;shutter_speed&quot;:&quot;0&quot;,&quot;title&quot;:&quot;&quot;,&quot;orientation&quot;:&quot;0&quot;}\" data-image-title=\"Thomas-Ruhl.com &amp;#8211; Random Cat Pics (bot for Discord) Part3\" data-image-description=\"&lt;p&gt;Thomas-Ruhl.com &amp;#8211; Random Cat Pics (bot for Discord) Part3&lt;\/p&gt;\" data-image-caption=\"&lt;p&gt;Thomas-Ruhl.com &amp;#8211; Random Cat Pics (bot for Discord) Part3&lt;\/p&gt;\" data-large-file=\"https:\/\/thomas-ruhl.com\/wp-content\/uploads\/2022\/12\/Screenshot_3.png\" src=\"https:\/\/thomas-ruhl.com\/wp-content\/uploads\/2022\/12\/Screenshot_3.png\" alt=\"\" class=\"wp-image-54\" srcset=\"https:\/\/thomas-ruhl.com\/wp-content\/uploads\/2022\/12\/Screenshot_3.png 684w, https:\/\/thomas-ruhl.com\/wp-content\/uploads\/2022\/12\/Screenshot_3-240x300.png 240w, https:\/\/thomas-ruhl.com\/wp-content\/uploads\/2022\/12\/Screenshot_3-10x12.png 10w\" sizes=\"auto, (max-width: 684px) 100vw, 684px\" \/><figcaption class=\"wp-element-caption\">Auto cats<\/figcaption><\/figure>\n\n\n\n<figure class=\"wp-block-image aligncenter size-full\"><img loading=\"lazy\" decoding=\"async\" width=\"451\" height=\"484\" data-attachment-id=\"55\" data-permalink=\"https:\/\/thomas-ruhl.com\/de\/projects\/rcp\/screenshot_4\/\" data-orig-file=\"https:\/\/thomas-ruhl.com\/wp-content\/uploads\/2022\/12\/Screenshot_4.png\" data-orig-size=\"451,484\" data-comments-opened=\"0\" data-image-meta=\"{&quot;aperture&quot;:&quot;0&quot;,&quot;credit&quot;:&quot;&quot;,&quot;camera&quot;:&quot;&quot;,&quot;caption&quot;:&quot;&quot;,&quot;created_timestamp&quot;:&quot;0&quot;,&quot;copyright&quot;:&quot;&quot;,&quot;focal_length&quot;:&quot;0&quot;,&quot;iso&quot;:&quot;0&quot;,&quot;shutter_speed&quot;:&quot;0&quot;,&quot;title&quot;:&quot;&quot;,&quot;orientation&quot;:&quot;0&quot;}\" data-image-title=\"Thomas-Ruhl.com &amp;#8211; Random Cat Pics (bot for Discord) Part2\" data-image-description=\"&lt;p&gt;Thomas-Ruhl.com &amp;#8211; Random Cat Pics (bot for Discord) Part2&lt;\/p&gt;\" data-image-caption=\"&lt;p&gt;Thomas-Ruhl.com &amp;#8211; Random Cat Pics (bot for Discord) Part2&lt;\/p&gt;\" data-large-file=\"https:\/\/thomas-ruhl.com\/wp-content\/uploads\/2022\/12\/Screenshot_4.png\" src=\"https:\/\/thomas-ruhl.com\/wp-content\/uploads\/2022\/12\/Screenshot_4.png\" alt=\"\" class=\"wp-image-55\" srcset=\"https:\/\/thomas-ruhl.com\/wp-content\/uploads\/2022\/12\/Screenshot_4.png 451w, https:\/\/thomas-ruhl.com\/wp-content\/uploads\/2022\/12\/Screenshot_4-280x300.png 280w, https:\/\/thomas-ruhl.com\/wp-content\/uploads\/2022\/12\/Screenshot_4-11x12.png 11w\" sizes=\"auto, (max-width: 451px) 100vw, 451px\" \/><figcaption class=\"wp-element-caption\">Calculator<\/figcaption><\/figure>\n\n\n\n<figure class=\"wp-block-image aligncenter size-full\"><img loading=\"lazy\" decoding=\"async\" width=\"450\" height=\"510\" data-attachment-id=\"56\" data-permalink=\"https:\/\/thomas-ruhl.com\/de\/projects\/rcp\/screenshot_5\/\" data-orig-file=\"https:\/\/thomas-ruhl.com\/wp-content\/uploads\/2022\/12\/Screenshot_5.png\" data-orig-size=\"450,510\" data-comments-opened=\"0\" data-image-meta=\"{&quot;aperture&quot;:&quot;0&quot;,&quot;credit&quot;:&quot;&quot;,&quot;camera&quot;:&quot;&quot;,&quot;caption&quot;:&quot;&quot;,&quot;created_timestamp&quot;:&quot;0&quot;,&quot;copyright&quot;:&quot;&quot;,&quot;focal_length&quot;:&quot;0&quot;,&quot;iso&quot;:&quot;0&quot;,&quot;shutter_speed&quot;:&quot;0&quot;,&quot;title&quot;:&quot;&quot;,&quot;orientation&quot;:&quot;0&quot;}\" data-image-title=\"Thomas-Ruhl.com &amp;#8211; Random Cat Pics (bot for Discord) Part1\" data-image-description=\"&lt;p&gt;Thomas-Ruhl.com &amp;#8211; Random Cat Pics (bot for Discord) Part1&lt;\/p&gt;\" data-image-caption=\"&lt;p&gt;Thomas-Ruhl.com &amp;#8211; Random Cat Pics (bot for Discord) Part1&lt;\/p&gt;\" data-large-file=\"https:\/\/thomas-ruhl.com\/wp-content\/uploads\/2022\/12\/Screenshot_5.png\" src=\"https:\/\/thomas-ruhl.com\/wp-content\/uploads\/2022\/12\/Screenshot_5.png\" alt=\"\" class=\"wp-image-56\" srcset=\"https:\/\/thomas-ruhl.com\/wp-content\/uploads\/2022\/12\/Screenshot_5.png 450w, https:\/\/thomas-ruhl.com\/wp-content\/uploads\/2022\/12\/Screenshot_5-265x300.png 265w, https:\/\/thomas-ruhl.com\/wp-content\/uploads\/2022\/12\/Screenshot_5-11x12.png 11w\" sizes=\"auto, (max-width: 450px) 100vw, 450px\" \/><figcaption class=\"wp-element-caption\">Snake game<\/figcaption><\/figure>","protected":false},"excerpt":{"rendered":"<p>Project Description: Random pics of cats &#8211; it is a fun discord bot with the [&hellip;]<\/p>\n","protected":false},"author":2,"featured_media":54,"parent":2,"menu_order":0,"comment_status":"closed","ping_status":"closed","template":"","meta":{"advanced_seo_description":"","jetpack_seo_html_title":"","jetpack_seo_noindex":false,"footnotes":""},"class_list":["post-50","page","type-page","status-publish","has-post-thumbnail","hentry"],"jetpack_sharing_enabled":true,"_links":{"self":[{"href":"https:\/\/thomas-ruhl.com\/de\/wp-json\/wp\/v2\/pages\/50","targetHints":{"allow":["GET"]}}],"collection":[{"href":"https:\/\/thomas-ruhl.com\/de\/wp-json\/wp\/v2\/pages"}],"about":[{"href":"https:\/\/thomas-ruhl.com\/de\/wp-json\/wp\/v2\/types\/page"}],"author":[{"embeddable":true,"href":"https:\/\/thomas-ruhl.com\/de\/wp-json\/wp\/v2\/users\/2"}],"replies":[{"embeddable":true,"href":"https:\/\/thomas-ruhl.com\/de\/wp-json\/wp\/v2\/comments?post=50"}],"version-history":[{"count":9,"href":"https:\/\/thomas-ruhl.com\/de\/wp-json\/wp\/v2\/pages\/50\/revisions"}],"predecessor-version":[{"id":491,"href":"https:\/\/thomas-ruhl.com\/de\/wp-json\/wp\/v2\/pages\/50\/revisions\/491"}],"up":[{"embeddable":true,"href":"https:\/\/thomas-ruhl.com\/de\/wp-json\/wp\/v2\/pages\/2"}],"wp:featuredmedia":[{"embeddable":true,"href":"https:\/\/thomas-ruhl.com\/de\/wp-json\/wp\/v2\/media\/54"}],"wp:attachment":[{"href":"https:\/\/thomas-ruhl.com\/de\/wp-json\/wp\/v2\/media?parent=50"}],"curies":[{"name":"wp","href":"https:\/\/api.w.org\/{rel}","templated":true}]}}